{"id":46,"date":"2017-04-30T17:48:57","date_gmt":"2017-04-30T16:48:57","guid":{"rendered":"http:\/\/wp12402730.server-he.de\/web\/?page_id=46"},"modified":"2017-07-05T12:48:40","modified_gmt":"2017-07-05T11:48:40","slug":"agb","status":"publish","type":"page","link":"https:\/\/www.diehundemeisterei.de\/?page_id=46","title":{"rendered":"AGB"},"content":{"rendered":"<p><strong>Allgemeine Gesch\u00e4ftsbedingungen<\/strong><\/p>\n<p><strong>Trainingsfahrten, Schlittenfahrten, und andere Schlittenhunde Events<\/strong><\/p>\n<p><strong><u>Haftungsausschluss:<\/u><\/strong><\/p>\n<p>1.)Es wird keinerlei Haftung f\u00fcr eventuelle Sch\u00e4den an Kleidung oder sonstigen Gegenst\u00e4nden \u00fcbernommen. Keine Haftung f\u00fcr Personensch\u00e4den, die Events werden auf eigene Gefahr des Auftraggebers durchgef\u00fchrt. Der Veranstalter kann die Teilnehmer nicht f\u00fcr unsachgem\u00e4\u00dfes Verhalten haftbar machen, sofern die Teilnehmer den Anweisungen des Veranstalters Folge leisten. Die Teilnehmer m\u00fcssen bei Trainings- und \/ oder Schlittenfahrten dem Wetter angemessen gekleidet sein, wobei insbesondere ein passender Kopfschutz (Fahrradhelm) zur Pflichtausstattung geh\u00f6rt und von den Teilnehmern mitzubringen sind. Es wird ausdr\u00fccklich darauf hingewiesen, das ohne eigenen Kopfschutz der Anbieter nicht verpflichtet werden kann, die Trainings- und \/ oder Schlittenfahrt durchzuf\u00fchren, da die Sicherheit der Teilnehmer Vorrang hat. Kann die Fahrt wegen fehlendem Kopfschutz nicht durchgef\u00fchrt werden, besteht kein Anspruch auf R\u00fcckzahlung der Buchungsgeb\u00fchr bzw ist die Geb\u00fchr trotzdem zu entrichten.<\/p>\n<p>2.)Termine k\u00f6nnen von uns kurzfristig abgesagt werden (Krankheit von Tieren, Beschaffenheit der Strecke, Wetter usw.) Sollte ein Termin abgesagt \u00a0werden, wird ein Ersatztermin angeboten!<\/p>\n<p>Bei Temperaturen \u00fcber 15 Grad, werden keine Fahrten durchgef\u00fchrt!<\/p>\n<p>Gutscheine werden nicht zur\u00fcckerstattet z.B. bei Schlechter Wetterlage, Krankheit oder Umzug, etc., ein Gutscheintermin kann in die n\u00e4chste Saison oder auf eine andere Person \u00fcbertragen werden. Es obliegt dem Veranstalter, einen Termin erst dann als Verbindlich anzusehen, wenn die Zahlung f\u00fcr ein\u00a0 gebuchtes Event auf dem Konto des Veranstalters eingegangen ist. Dies ist dem Auftraggeber bei der Buchung mitzuteilen.Die Geb\u00fchren sind in der aktuellen Preisliste aufgef\u00fchrt und gelten als Verbindlich vereinbart.<\/p>\n<p>3.)Der Umgang mit unseren Tieren unterliegt immer dem Tierschutz<\/p>\n<p>4.)W\u00e4hrend des Events m\u00fcssen die Anweisungen des Veranstalters befolgt werden. Bei Nichtbefolgen der Anweisungen und vor Allem, wenn dadurch Verletzungen bzw Sch\u00e4den an den Hunden und \/oder an den Teilnehmern zu bef\u00fcrchten sind, kann der Veranstalter das Event sofort abbrechen. In diesem Fall ist die Geb\u00fchr vom Auftraggeber trotzdem zu entrichten bzw wird nicht erstattet. Der Schutz und das Wohlbefinden der Hunde und den Teilnehmern hat immer Vorrang.<\/p>\n<p>5.) Der Veranstalter hat das Recht, die erstellten Bild und Ton Materialien f\u00fcr eigene Werbezwecke im Internet und auf Werbeflyer zu verwenden.<\/p>\n<p>6.)Termine k\u00f6nnen vom Auftraggeber bis zu 6 Tage vor dem gebuchten\u00a0 Event kostenlos auf einen anderen Termin verlegt\u00a0 werden; nach dieser Frist werden 100 % des Betrages f\u00e4llig. Bei Nichterscheinen eines gebuchten Termins, werden 100 % des Betrages f\u00e4llig.<\/p>\n<p>7.)<strong>Bei Schneemangel finden die Fahrten mit einem Trainingswagen statt!<\/strong><\/p>\n<p><strong>An gebuchten Terminen werden die Fahrten<\/strong><b> <\/b><strong><u>wetterabh\u00e4ngig<\/u><\/strong><b> <\/b><strong>durchgef\u00fchrt!<\/strong><\/p>\n<p><b>Physiotherapie f\u00fcr Hunde<\/b><\/p>\n<p><b>Behandlungsvertrag<\/b><\/p>\n<p>Der Behandlungsvertrag kommt zustande, wenn der Tierhalter das generelle Angebot des Tierphysiotherapeuten, die Physiotherapie auszu\u00fcben, annimmt und sich an den Tierphysiotherapeuten zum Zwecke der Beratung, Diagnose und Therapie wendet.<\/p>\n<p>Der Tierphysiotherapeut ist berechtigt, einen Behandlungsvertrag abzulehnen, insbesondere wenn es um Beschwerden geht, die der Tierphysiotherapeut aufgrund seiner Spezialisierung oder aus gesetzlichen Gr\u00fcnden nicht behandeln kann oder darf, oder die ihn in Gewissenskonflikte bringen k\u00f6nnen. In diesem Fall bleibt der Honoraranspruch des Tierphysiotherapeuten f\u00fcr die bis zur Ablehnung entstandenen Leistungen, einschlie\u00dflich Beratung, erhalten.<\/p>\n<p><b>Inhalt und Zweck des Behandlungsvertrages<\/b><\/p>\n<p>Der Tierphysiotherapeut erbringt seine Dienste gegen\u00fcber dem Patienten\/ Halter in der Form, dass er seine Kenntnisse und F\u00e4higkeiten der Physiotherapie zur Diagnose und Therapie anwendet.<\/p>\n<p>\u00dcber die Diagnose und Therapiemethoden entscheidet der Tierhalter frei, nachdem er vom Tierphysiotherapeuten \u00fcber die anwendbaren Methoden und deren Vor- und Nachteile in fachlicher und wirtschaftlicher Hinsicht informiert wurde. Soweit der Patient \/ Halter nicht entscheidet oder nicht entscheiden kann, ist der Tierphysiotherapeut befugt, die Methode anzuwenden, die dem Therapeuten am geeignetsten erscheint und die dem mutma\u00dflichen Tierhalterwillen entspricht.<\/p>\n<p>In der Regel werden vom Tierphysiotherapeuten Methoden angewendet, die schulmedizinisch nicht anerkannt sind und somit nicht dem Stand der Wissenschaft entsprechen. Diese Methoden sind, allgemein auch nicht kausal-funktional erkl\u00e4rbar und insofern nicht zielgerichtet. Insofern kann ein subjektiv erwarteter Erfolg der Methode weder in Aussicht gestellt noch garantiert werden. Tierphysiotherapie ersetzt nicht die Behandlung durch einen Tierarzt und ist daher gegeben falls als Erg\u00e4nzung der Tiermedizinischen Behandlung anzusehen, die den Alternativmethoden zuzurechnen ist. Der Tierphysiotherapeut darf keine Krankschreibungen vornehmen und keine verschreibungspflichtigen Medikamente verordnen.<\/p>\n<p><b>Mitwirkung des Tierhalters<\/b><\/p>\n<p>Zu einer aktiven Mitwirkung ist der Tierhalter nicht verpflichtet. Eine aktive Mitwirkung ist jedoch Ma\u00dfgeblich, um den optimalen Erfolg erzielen zu k\u00f6nnen. Zur aktiven Mitwirkung geh\u00f6ren auch, neben zwischen den Therapieeinheiten die vom Therapeuten gezeigten \u00dcbungen durch den Halter, \u00a0ausf\u00fchrliche Ausk\u00fcnfte zur Tier\u00e4rztlichen Anamnese und Diagnose, sowie der Vorlage der R\u00f6ntgenbilder und Behandlungsvorschl\u00e4ge.<\/p>\n<p><b>Haftung<\/b><\/p>\n<p>Der Tierphysiotherapeut haftet nicht f\u00fcr Sch\u00e4den am Tier, die durch den Tierhalter durch Mitwirkung, an der Therapie, verursacht werden. Der Hundehalter haftet unmittelbar und in voller H\u00f6he f\u00fcr Sch\u00e4den, die er oder sein Tier\u00a0 an Personen, Praxisausr\u00fcstung und Praxiseinrichtung verursachen. Der Tierphysiotherapeut haftet nur f\u00fcr Sch\u00e4den die von ihm vors\u00e4tzlich oder grob fahrl\u00e4ssig herbeigef\u00fchrt wurden. Soweit es sich um Personensch\u00e4den handelt ist die Haftung auf die Behandlungsgeb\u00fchr beschr\u00e4nkt.<\/p>\n<p><b>Geb\u00fchren, Entgeld, F\u00e4lligkeiten<\/b><\/p>\n<p>Der Tierphysiotherapeut hat f\u00fcr seine Dienstleistung Anspruch auf ein Honorar. Die Geb\u00fchren sind in der aktuellen Preisliste aufgef\u00fchrt und gelten als verbindlich vereinbart. Die Honorare sind in bar zu entrichten oder nach Absprache per \u00dcberweisung. Nach Abschluss einer Behandlungsphase erh\u00e4lt der Tierhalter auf Wunsch eine Rechnung. Nicht eingehaltene Termine werden berechnet, sofern sie nicht mindestens 24 Stunden vor dem Termin abgesagt werden.<\/p>\n<p>Bei Nichtzahlung wird nach Einhaltung der gesetzlichen Mahnfristen der Rechtsweg beschritten.<\/p>\n<p><b>Kynotherapie (Hundgest\u00fctzte Therapie)<\/b><\/p>\n<p><b>Therapievertrag<\/b><\/p>\n<p>Der Vertrag kommt zustande, wenn der Auftraggeber das generelle Angebot der Kynotherapie annimmt und sich an \u201eDie Hundemeisterei\u201c zum Zwecke der Beratung und\u00a0 Durchf\u00fchrung der Therapie wendet. Soll die Therapie bei Personen angewendet werden, die nicht das 18.te Lebensjahr vollendet haben oder die unter gesetzlicher Betreuung stehen, z.B. wegen k\u00f6rperlichen oder geistigen Beeintr\u00e4chtigungen, kann die Kynotherapie nur mit Einverst\u00e4ndnis des gesetzlichen Vertreters \/ Betreuers in Auftrag gegeben werden. Um dieses Einverst\u00e4ndnis einholen zu k\u00f6nnen, ist dem Kynotherapeuten der Name, die Anschrift und die Telefonnummer des ges. Vertreters \/ Betreuers zu nennen.<\/p>\n<p><b>Inhalt und Zweck der Kynotherapie<\/b><\/p>\n<p>Der Kynotherapeut erbringt seine Leistung gegen\u00fcber dem Patienten in der Form, dass er seine Kenntnisse und F\u00e4higkeiten der Kynotherapie zur Erstellung eines Therapieplans und Durchf\u00fchrung der Therapie anwendet. Hierzu ist die passive oder aktive Anwesenheit eines Hundes als Hilfsmittel erforderlich, der den Kynotherapeuten begleitet.<\/p>\n<p>\u00dcber den Inhalt des Therapieplanes entscheidet der Therapeut nach Einsicht der Diagnosen z.B. in den Akten des Patienten und dem ersten Kontakt mit dem Patienten. Der Therapieplan ist den F\u00e4higkeiten und M\u00f6glichkeiten des Patienten nach auszuarbeiten und muss gegeben falls bei Ver\u00e4nderungen des Zustandes des Patienten angepasst werden. Hier\u00fcber ist der Auftraggeber zu benachrichtigen.<\/p>\n<p>Das zust\u00e4ndige Personal der Einrichtungen wird vom Auftraggeber angewiesen, dem Kynotherapeuten Einsicht in die Akten des Patienten zu gew\u00e4hren, damit ein individuell auf den Patienten abgestimmter Therapieplan erstellt werden kann und m\u00f6gliche Gefahren f\u00fcr den Patienten durch Nicht. Kenntnis von besonderen Umst\u00e4nden ausgeschlossen werden k\u00f6nnen. Dem Kynotherapeuten ist der Zugang zum Patienten zu erm\u00f6glichen, wobei es angeraten ist, das Kynotherapeut und Pflegepersonal sich Terminlich absprechen. W\u00e4hrend der Therapie soll der Hund nicht durch das Personal abgelenkt werden, da der Hund sich auf den Patienten einlassen muss, was hohe Konzentration erfordert.<\/p>\n<p>In der Regel werden vom Kynotherapeuten Methoden angewendet, die zwar Teilweise schon Wissenschaftlich belegt, jedoch schulmedizinisch nicht anerkannt sind. Insofern kann ein subjektiver erwarteter Erfolg der Methode weder in Aussicht gestellt noch garantiert werden. Kynotherapie kann und darf nicht den Anspruch an Heilung des Patienten stellen.\u00a0 In vielen F\u00e4llen aber kann Linderung bzw Verz\u00f6gerung des Krankheitsverlaufs das Ziel sein. Daher ist Kynotherapie den alternativen und zus\u00e4tzlichen \u00a0Methoden zuzuordnen und ist keine Heilbehandlung.<\/p>\n<p><b>Haftung<\/b><\/p>\n<p>Der Kynotherapeut handelt als Dienstleister des Auftraggebers und haftet nur f\u00fcr Sch\u00e4den, die von ihm oder dem Hund vors\u00e4tzlich und grob Fahrl\u00e4ssig herbeigef\u00fchrt werden. F\u00fcr Sch\u00e4den, die vom Patienten herbeigef\u00fchrt werden z.B. durch dessen Verhalten, haftet der Kynotherapeut auch dann nicht, wenn es sich hierbei um Personensch\u00e4den handelt. \u00a0Die Hundemeisterei verf\u00fcgt \u00fcber eine entsprechende Haftpflichtversicherung, die auf Anfrage eingesehen werden kann. Eine Erlaubnis der zust\u00e4ndigen Beh\u00f6rde zur gewerblichen Hundehaltung liegt vor und kann eingesehen werden. Alle Hunde, die in der Kynotherapie eingesetzt werden, sind geimpft, werden regelm\u00e4\u00dfig entwurmt sowie \u00a0tier\u00e4rztlich untersucht.<\/p>\n<p><b>Geb\u00fchren, Entgeld, F\u00e4lligkeit<\/b><\/p>\n<p>Der Kynotherapeut hat f\u00fcr seine Dienstleistung Anspruch auf ein Honorar. Die Geb\u00fchren sind in der aktuellen Preisliste aufgef\u00fchrt und gelten als verbindlich vereinbart, Die Honorare sind f\u00fcr jeden Therapietag zu entrichten (bei Einzelterminen) oder nach monatlicher Rechnungsstellung. ( Bei Dauerpatienten). F\u00e4lligkeit ist das auf der Rechnung angegebenes Zahlungsziel. Nicht rechtzeitig abgesagte Termine (24 Stunden vor Termin) werden berechnet. Bei Nichtzahlung wird nach Einhaltung der gesetzlichen Mahnfrist der Rechtsweg beschritten.<\/p>\n<p><b>Salvatorische Klausel<\/b><\/p>\n<p>Sollten einzelne Bestimmungen der Behandlungs,- Therapie oder Event Vertr\u00e4ge oder der AGB ung\u00fcltig oder nichtig sein oder werden, wird damit nicht die Wirksamkeit der jeweiligen Vertr\u00e4ge insgesamt ung\u00fcltig oder nichtig. Die Ung\u00fcltigkeit oder nichtige Bestimmung ist vielmehr in freier Auslegung durch eine Bestimmung zu ersetzen, die dem Vertragszweck und dem Parteiwillen am n\u00e4chsten kommt.<\/p>\n<p><span class=\"st\"><b>Mit Ihrer schriftlichen oder m\u00fcndlichen Buchung<\/b><\/span><b> <\/b><em><b>erkennen Sie unsere AGB`s an<\/b><\/em><br \/>\n[gzd_complaints]<\/p>\n","protected":false},"excerpt":{"rendered":"<p>Allgemeine Gesch\u00e4ftsbedingungen Trainingsfahrten, Schlittenfahrten, und andere Schlittenhunde Events Haftungsausschluss: 1.)Es wird keinerlei Haftung f\u00fcr eventuelle Sch\u00e4den an Kleidung oder sonstigen Gegenst\u00e4nden \u00fcbernommen. Keine Haftung f\u00fcr Personensch\u00e4den, die Events werden auf eigene Gefahr des Auftraggebers durchgef\u00fchrt. Der Veranstalter kann die Teilnehmer nicht f\u00fcr unsachgem\u00e4\u00dfes Verhalten haftbar machen, sofern die Teilnehmer den Anweisungen des Veranstalters Folge leisten. &#8230; <span class=\"more\"><a class=\"more-link\" href=\"https:\/\/www.diehundemeisterei.de\/?page_id=46\">[Read more&#8230;]<\/a><\/span><\/p>\n","protected":false},"author":1,"featured_media":0,"parent":0,"menu_order":0,"comment_status":"closed","ping_status":"closed","template":"page-full-width.php","meta":{"footnotes":""},"_links":{"self":[{"href":"https:\/\/www.diehundemeisterei.de\/index.php?rest_route=\/wp\/v2\/pages\/46"}],"collection":[{"href":"https:\/\/www.diehundemeisterei.de\/index.php?rest_route=\/wp\/v2\/pages"}],"about":[{"href":"https:\/\/www.diehundemeisterei.de\/index.php?rest_route=\/wp\/v2\/types\/page"}],"author":[{"embeddable":true,"href":"https:\/\/www.diehundemeisterei.de\/index.php?rest_route=\/wp\/v2\/users\/1"}],"replies":[{"embeddable":true,"href":"https:\/\/www.diehundemeisterei.de\/index.php?rest_route=%2Fwp%2Fv2%2Fcomments&post=46"}],"version-history":[{"count":4,"href":"https:\/\/www.diehundemeisterei.de\/index.php?rest_route=\/wp\/v2\/pages\/46\/revisions"}],"predecessor-version":[{"id":183,"href":"https:\/\/www.diehundemeisterei.de\/index.php?rest_route=\/wp\/v2\/pages\/46\/revisions\/183"}],"wp:attachment":[{"href":"https:\/\/www.diehundemeisterei.de\/index.php?rest_route=%2Fwp%2Fv2%2Fmedia&parent=46"}],"curies":[{"name":"wp","href":"https:\/\/api.w.org\/{rel}","templated":true}]}}