{"id":454,"date":"2017-12-19T10:45:06","date_gmt":"2017-12-19T09:45:06","guid":{"rendered":"http:\/\/www.diehundemeisterei.de\/?page_id=454"},"modified":"2020-09-14T17:36:03","modified_gmt":"2020-09-14T16:36:03","slug":"nur-fuer-reiche","status":"publish","type":"page","link":"https:\/\/www.diehundemeisterei.de\/?page_id=454","title":{"rendered":"nur f\u00fcr Reiche?"},"content":{"rendered":"<div><span style=\"line-height: 1.5;\">Reich sein ist relativ. Aber es ist tats\u00e4chlich so, das die Kynotherapie meist nicht von den Krankenkassen \u00fcbernommen wird und deshalb diejenigen, die nicht \u00fcber das &#8222;n\u00f6tige Kleingeld&#8220; verf\u00fcgen, die Therapie auch nicht in Anspruch nehmen k\u00f6nnen.<\/span><\/div>\n<p>Wir erleben es in allen Einrichtungen und obwohl wir immer wieder f\u00fcr den Einen oder Anderen Bewohner umsonst eine Therapie Einheit durchf\u00fchren, ist das nicht genug. Denn es gibt zu Viele, meist alte Menschen, bei denen man so viel erreichen k\u00f6nnte, die aber &#8222;zu arm&#8220; sind.<br \/>\nDiese Menschen haben oft ihr Leben lang gearbeitet oder sind mit einer Beeintr\u00e4chtigung geboren. Sie haben keine Angeh\u00f6rigen, bekommen keinen Besuch und die Rente reicht nicht, um sich ein kleines &#8222;Extra&#8220; zu leisten.<br \/>\nAn den Aktivit\u00e4ten in den Einrichtungen k\u00f6nnen sie nicht mehr teilnehmen, weil sie Bettl\u00e4gerisch sind oder gar in ver\u00e4nderten Bewusstseinszust\u00e4nden. Gerade bei diesen Patienten kann man mit der Kynotherapie so viel erreichen, Dazu muss man die Therapie regelm\u00e4ssig durchf\u00fchren und da sto\u00dfen wir an unsere Grenzen.<br \/>\nEs sind Menschen, die es k\u00f6rperlich oder geistig nicht mehr schaffen teilzunehmen, wenn z.B. die ehrenamtlichen Besucherhunde zu den Gruppen in den Einrichtungen kommen.<br \/>\nAlt, krank, arm, ausgegrenzt&#8230;.<br \/>\nDeshalb gehen wir jetzt einen ungew\u00f6hnlichen Weg, denn wir wollen das nicht einfach so hinnehmen, k\u00f6nnen nicht so tun, als ber\u00fchre uns das nicht. Alleine schaffen wir es nicht und deshalb k\u00f6nnen Sie, wenn Sie einem dieser Menschen auch nur eine einzige Therapie Einheit schenken m\u00f6chten, dazu beitragen vielen alten, kranken und &#8222;vergessenen&#8220; Menschen diese Form der Therapie zu erm\u00f6glichen.<br \/>\nF\u00fcr jeden Patienten, f\u00fcr den wir dadurch 11 Monate Therapie zusammenbekommen f\u00fchren wir die Kynotherapie den 12.ten Monat kostenlos durch.<br \/>\nSelbstverst\u00e4ndlich bekommen Sie auf Anfrage (per Mail oder Telefon) die vollst\u00e4ndigen Daten des Beschenkten, da wir diese aus ehtischen Gr\u00fcnden nicht \u00f6ffentlich ins Internet stellen k\u00f6nnen und deshalb hier abk\u00fcrzen m\u00fcssen.<\/p>\n<p>Eine Therapie Einheit kostet 29,-\u20ac . Sie k\u00f6nnen uns anschreiben, oder auch per Pay Pal schnell und sicher bezahlen. Geben Sie als Verwendungszweck an: Zweckgebunden Therapie f\u00fcr ( Name des Beschenkten)<br \/>\n<strong><br \/>\nSie k\u00f6nnen jetzt mittels Paypal sicher und einfach helfen!<\/strong><\/p>\n<form action=\"https:\/\/www.paypal.com\/cgi-bin\/webscr\" method=\"post\" target=\"_blank\">\n<input type=\"hidden\" name=\"cmd\" value=\"_s-xclick\"><br \/>\n<input type=\"hidden\" name=\"hosted_button_id\" value=\"4RPPPZ78B4CQ6\"><br \/>\n<input type=\"image\" src=\"https:\/\/www.paypalobjects.com\/de_DE\/DE\/i\/btn\/btn_donate_LG.gif\" border=\"0\" name=\"submit\" alt=\"Jetzt einfach, schnell und sicher online bezahlen \u2013 mit PayPal.\"><br \/>\n<img loading=\"lazy\" decoding=\"async\" alt=\"\" border=\"0\" src=\"https:\/\/www.paypalobjects.com\/de_DE\/i\/scr\/pixel.gif\" width=\"1\" height=\"1\"><br \/>\n<\/form>\n<p>Heute stellen wir Frau P. aus Wei\u00dfenfels vor. Sie ist \u00fcber 90 Jahre alt, wurde schon mit einer Beeintr\u00e4chtigung geboren und hat trotzdem bis zum Rentenalter in einer Schuhfabrik gearbeitet.<br \/>\nIhre Mutter hat sie verlassen, Ihr Vater wollte sie nicht und so kam sie schon als Kind in ein Kinderheim.<br \/>\nMenschen gegen\u00fcber daher mi\u00dftrauisch hat sie ihre Freizeit in einem Tierheim ehrenamtlich die Zwinger sauber gemacht und all ihre Liebe den Tieren gegeben.<br \/>\nViel Geld hat Frau P. nie verdienen k\u00f6nnen und deshalb ist ihre Rente sehr schmal. Trotzdem hat ihre gesetzliche Betreuerin daf\u00fcr gesorgt, das Frau P. die Kynotherapie bekam. Nun ist auch das Budget verbraucht und wir f\u00fchren die Therapie ab und zu trotzdem kostenlos durch.<br \/>\nWenn Jemand es verdient hat, dann Frau P. Jedes mal, wenn wir zu ihr gehen mit dem Hund weint sie vor Freude und macht eifrig ihre \u00dcbungen.<\/p>\n<\/form>\n<p>Auf den Bildern, die wir hier mit einstellen, ist auch Frau P. dabei, wobei wir nat\u00fcrlich nicht die Gesichter einstellen k\u00f6nnen. Frau P. ist auf dem Foto, wo unser &#8222;Pelle&#8220; ihr die ausgestreckten Finger &#8222;k\u00fcsst&#8220;.<\/p>\n<p><a href=\"http:\/\/wp12402730.server-he.de\/web\/wp-content\/uploads\/2017\/12\/18.08.2016-005.jpg\"><img loading=\"lazy\" decoding=\"async\" class=\"alignnone size-medium wp-image-458\" src=\"http:\/\/wp12402730.server-he.de\/web\/wp-content\/uploads\/2017\/12\/18.08.2016-005-300x225.jpg\" alt=\"\" width=\"300\" height=\"225\" srcset=\"https:\/\/www.diehundemeisterei.de\/wp-content\/uploads\/2017\/12\/18.08.2016-005-300x225.jpg 300w, https:\/\/www.diehundemeisterei.de\/wp-content\/uploads\/2017\/12\/18.08.2016-005.jpg 640w\" sizes=\"(max-width: 300px) 100vw, 300px\" \/><\/a> <a href=\"http:\/\/wp12402730.server-he.de\/web\/wp-content\/uploads\/2017\/12\/28.08.2015-016.jpg\"><img loading=\"lazy\" decoding=\"async\" class=\"alignnone size-medium wp-image-457\" src=\"http:\/\/wp12402730.server-he.de\/web\/wp-content\/uploads\/2017\/12\/28.08.2015-016-300x225.jpg\" alt=\"\" width=\"300\" height=\"225\" srcset=\"https:\/\/www.diehundemeisterei.de\/wp-content\/uploads\/2017\/12\/28.08.2015-016-300x225.jpg 300w, https:\/\/www.diehundemeisterei.de\/wp-content\/uploads\/2017\/12\/28.08.2015-016.jpg 640w\" sizes=\"(max-width: 300px) 100vw, 300px\" \/><\/a> <a href=\"http:\/\/wp12402730.server-he.de\/web\/wp-content\/uploads\/2017\/12\/20.04.2016-Sweety-Smokey-005.jpg\"><img loading=\"lazy\" decoding=\"async\" class=\"alignnone size-medium wp-image-459\" src=\"http:\/\/wp12402730.server-he.de\/web\/wp-content\/uploads\/2017\/12\/20.04.2016-Sweety-Smokey-005-300x225.jpg\" alt=\"\" width=\"300\" height=\"225\" srcset=\"https:\/\/www.diehundemeisterei.de\/wp-content\/uploads\/2017\/12\/20.04.2016-Sweety-Smokey-005-300x225.jpg 300w, https:\/\/www.diehundemeisterei.de\/wp-content\/uploads\/2017\/12\/20.04.2016-Sweety-Smokey-005.jpg 640w\" sizes=\"(max-width: 300px) 100vw, 300px\" \/><\/a> <a href=\"http:\/\/wp12402730.server-he.de\/web\/wp-content\/uploads\/2017\/12\/20.04.2016-Sweety-Smokey-010.jpg\"><img loading=\"lazy\" decoding=\"async\" class=\"alignnone size-medium wp-image-460\" src=\"http:\/\/wp12402730.server-he.de\/web\/wp-content\/uploads\/2017\/12\/20.04.2016-Sweety-Smokey-010-300x225.jpg\" alt=\"\" width=\"300\" height=\"225\" srcset=\"https:\/\/www.diehundemeisterei.de\/wp-content\/uploads\/2017\/12\/20.04.2016-Sweety-Smokey-010-300x225.jpg 300w, https:\/\/www.diehundemeisterei.de\/wp-content\/uploads\/2017\/12\/20.04.2016-Sweety-Smokey-010.jpg 640w\" sizes=\"(max-width: 300px) 100vw, 300px\" \/><\/a> <a href=\"http:\/\/wp12402730.server-he.de\/web\/wp-content\/uploads\/2017\/12\/20.04.2016-Sweety-Smokey-011.jpg\"><img loading=\"lazy\" decoding=\"async\" class=\"alignnone size-medium wp-image-461\" src=\"http:\/\/wp12402730.server-he.de\/web\/wp-content\/uploads\/2017\/12\/20.04.2016-Sweety-Smokey-011-300x225.jpg\" alt=\"\" width=\"300\" height=\"225\" srcset=\"https:\/\/www.diehundemeisterei.de\/wp-content\/uploads\/2017\/12\/20.04.2016-Sweety-Smokey-011-300x225.jpg 300w, https:\/\/www.diehundemeisterei.de\/wp-content\/uploads\/2017\/12\/20.04.2016-Sweety-Smokey-011.jpg 640w\" sizes=\"(max-width: 300px) 100vw, 300px\" \/><\/a> <a href=\"http:\/\/wp12402730.server-he.de\/web\/wp-content\/uploads\/2017\/12\/20.04.2016-Sweety-Smokey-012.jpg\"><img loading=\"lazy\" decoding=\"async\" class=\"alignnone size-medium wp-image-462\" src=\"http:\/\/wp12402730.server-he.de\/web\/wp-content\/uploads\/2017\/12\/20.04.2016-Sweety-Smokey-012-300x225.jpg\" alt=\"\" width=\"300\" height=\"225\" srcset=\"https:\/\/www.diehundemeisterei.de\/wp-content\/uploads\/2017\/12\/20.04.2016-Sweety-Smokey-012-300x225.jpg 300w, https:\/\/www.diehundemeisterei.de\/wp-content\/uploads\/2017\/12\/20.04.2016-Sweety-Smokey-012.jpg 640w\" sizes=\"(max-width: 300px) 100vw, 300px\" \/><\/a><\/p>\n<p><input name=\"cmd\" type=\"hidden\" value=\"_s-xclick\" \/><\/p>\n","protected":false},"excerpt":{"rendered":"<p>Reich sein ist relativ. Aber es ist tats\u00e4chlich so, das die Kynotherapie meist nicht von den Krankenkassen \u00fcbernommen wird und deshalb diejenigen, die nicht \u00fcber das &#8222;n\u00f6tige Kleingeld&#8220; verf\u00fcgen, die Therapie auch nicht in Anspruch nehmen k\u00f6nnen. Wir erleben es in allen Einrichtungen und obwohl wir immer wieder f\u00fcr den Einen oder Anderen Bewohner umsonst &#8230; <span class=\"more\"><a class=\"more-link\" href=\"https:\/\/www.diehundemeisterei.de\/?page_id=454\">[Read more&#8230;]<\/a><\/span><\/p>\n","protected":false},"author":1,"featured_media":0,"parent":20,"menu_order":0,"comment_status":"closed","ping_status":"closed","template":"page-full-width.php","meta":{"footnotes":""},"_links":{"self":[{"href":"https:\/\/www.diehundemeisterei.de\/index.php?rest_route=\/wp\/v2\/pages\/454"}],"collection":[{"href":"https:\/\/www.diehundemeisterei.de\/index.php?rest_route=\/wp\/v2\/pages"}],"about":[{"href":"https:\/\/www.diehundemeisterei.de\/index.php?rest_route=\/wp\/v2\/types\/page"}],"author":[{"embeddable":true,"href":"https:\/\/www.diehundemeisterei.de\/index.php?rest_route=\/wp\/v2\/users\/1"}],"replies":[{"embeddable":true,"href":"https:\/\/www.diehundemeisterei.de\/index.php?rest_route=%2Fwp%2Fv2%2Fcomments&post=454"}],"version-history":[{"count":28,"href":"https:\/\/www.diehundemeisterei.de\/index.php?rest_route=\/wp\/v2\/pages\/454\/revisions"}],"predecessor-version":[{"id":588,"href":"https:\/\/www.diehundemeisterei.de\/index.php?rest_route=\/wp\/v2\/pages\/454\/revisions\/588"}],"up":[{"embeddable":true,"href":"https:\/\/www.diehundemeisterei.de\/index.php?rest_route=\/wp\/v2\/pages\/20"}],"wp:attachment":[{"href":"https:\/\/www.diehundemeisterei.de\/index.php?rest_route=%2Fwp%2Fv2%2Fmedia&parent=454"}],"curies":[{"name":"wp","href":"https:\/\/api.w.org\/{rel}","templated":true}]}}