{"id":392,"date":"2017-12-01T12:57:07","date_gmt":"2017-12-01T11:57:07","guid":{"rendered":"http:\/\/www.diehundemeisterei.de\/?page_id=392"},"modified":"2017-12-01T12:57:07","modified_gmt":"2017-12-01T11:57:07","slug":"hilas-vermaechtnis","status":"publish","type":"page","link":"https:\/\/www.diehundemeisterei.de\/?page_id=392","title":{"rendered":"Hila\u00b4s Verm\u00e4chtnis"},"content":{"rendered":"<table border=\"0\" cellspacing=\"2\" cellpadding=\"2\">\n<tbody>\n<tr align=\"center\">\n<td><img decoding=\"async\" src=\"https:\/\/lh6.googleusercontent.com\/-v6fQUoe926c\/VGFBMZZ3TtI\/AAAAAAAABic\/5I-TCyBvGoI\/s439\/hila.jpg\" alt=\"\" \/><\/td>\n<\/tr>\n<tr align=\"right\">\n<td><\/td>\n<\/tr>\n<tr align=\"center\">\n<td>&#8222;Hilas Verm\u00e4chtnis&#8220;<br \/>\nAuszug aus dem Snowdevils K\u00e4uferforum vom 25. 09.2014 an meine K\u00e4ufer<br \/>\n&#8222;Snowdevils: Back to the Roots oder auch &#8222;Tacheles&#8220;<br \/>\nHallo Leute<\/p>\n<p>Wie Ihr alle gemerkt habt, war ich eine Weile weg von der Bildfl\u00e4che und Ihr ahnt auch, warum.<\/p>\n<p>Ein Snowdevil ist zu Tode gekommen und diesmal war ich starr vor Entsetzen, wusste nicht, damit umzugehen und auch nicht, wie es nun weitergehen soll, OB es \u00fcberhaupt weitergehen kann und ich musste mich erst ordnen innerlich.<br \/>\nIn mich gehen, was dieses Ungl\u00fcck f\u00fcr mich bedeutet und vor allem, was ich damit zu tun habe.<\/p>\n<p>Jeder hier wei\u00df, um welchen Hund es sich handelt, aber ich werde diesen Hund nicht beim Vornamen nennen, auch nicht die Besitzerin, denn es geht hier absolut nicht darum, Jemanden zu verurteilen oder gar an den Pranger zu stellen.<br \/>\nDeshalb verbitte ich mir auch ausdr\u00fccklich jegliche negative Bemerkung dieser Person gegen\u00fcber.<br \/>\nWir sind befreundet und werden es auch bleiben, im Gegenteil, wir sind gewachsen an diesem Drama.<\/p>\n<p>Und ich bitte Euch, dieses nicht nur einmal zu lesen, sondern \u00f6fter, dar\u00fcber nachzudenken und zu verstehen, was ich sagen will.<\/p>\n<p>Ein Snowdevil ist verungl\u00fcckt, gerade 4 Jahre Jahre alt und ein Hund, dem es an nichts fehlte, dem jegliche Liebe zuteil wurde, die ein Mensch einem Hund nur geben kann.<br \/>\nEin Einzelhund, der in sich ruhte, niemals nerv\u00f6s war oder gar flippig, &#8222;abrufbar&#8220; in bislang jeder Situation und deshalb ein, wenn auch seltener, &#8222;Freig\u00e4nger&#8220; in &#8222;sicheren&#8220; Gebieten.<br \/>\nGing nie weit vom Menschen weg, schaute, wo ihr Mensch ist zwischendurch und auch ihr Mensch hatte immer ein Auge auf sie.<br \/>\n1000 Mal waren Snowdevil und Mensch schon so unterwegs gewesen und 1000 Mal ist es gut gegangen.<br \/>\nDiesmal nicht, eine Spur gerochen, eine Maus gesehen, nichtmal schnell weggelaufen, sondern die Nase auf dem Boden langsam aber stetig &#8222;weggeschleucht&#8220;, langsam f\u00fcr einen Hund, aber zu schnell f\u00fcr einen Menschen.<br \/>\nMensch sieht in welche Richtung Hund geht, ruft, wie 1000 Mal vorher, aber Hund kommt nicht, reagiert nicht und folgt der Spur in Richtung Bahngleise.<br \/>\nMensch ruft immer lauter, Hund folgt der Spur&#8230;<br \/>\nMensch h\u00f6rt den Zug, bevor er zu sehen ist und schreit jetzt nach dem Hund, rennt hinter Hund her und schreit in Panik.<br \/>\nHund folgt der Spur&#8230;.<br \/>\nMensch sieht den Zug, sieht den Hund und hofft , dass auch Hund den Zug h\u00f6rt, sowas MUSS sie doch h\u00f6ren, aber Hund folgt der Spur mit Nase auf dem Boden.<br \/>\nUnd nun muss Mensch mit ansehen, wie der \u00fcber alles geliebte Hund einem Zug nicht trotzen kann, alles geht so schnell und ist doch festgebrannt in der Erinnerung des Menschen&#8230;.<\/p>\n<p>Gleich danach ging bei mir das Telefon und sp\u00e4t am abend waren sie dann hier bei mir, Mensch und Hund.<br \/>\nIn welcher Verfassung Mensch war, muss ich sicher nicht sagen und der Hund&#8230;&#8230;&#8230;<\/p>\n<p>Wir haben sie hier aufgebahrt, wie ich es bei Jedem meiner Hunde mache, am n\u00e4chsten Tag hier beerdigt und ich sp\u00fcrte unendliche Trauer, aber auch Wut .<\/p>\n<p>Ja, Wut, Entsetzen und dann die erschreckende Erkenntnis, dass ICH diejenige bin, die die Hauptlast der Schuld tr\u00e4gt, denn ICH berate meine K\u00e4ufer vor dem Kauf, ICH entscheide, wohin ein Snowdevil zieht und ICH bin in den letzten Jahren selbst zu lasch geworden.<br \/>\nBei Menschen, die sagten, Ihr Hund l\u00e4uft auch ohne Leine, hab ich gesagt: Ich bin da absolut nicht f\u00fcr, aber es ist Eure Verantwortung und wenn was passiert, m\u00fcsst Ihr damit umgehen usw blabla&#8230;.<br \/>\nSicher sind Huskies leichter zu h\u00e4ndeln wie noch vor 20 Jahren, aber ich habe es mir doch zu leicht gemacht, indem ich den K\u00e4ufern gesagt habe, nach der \u00dcbergabe des Hundes liegt es in deren Verantwortung.<br \/>\nIch habe meine &#8222;Pflicht&#8220; getan und immer wieder gesagt, dass ICH das nicht machen w\u00fcrde, aber es Leute gibt, bei denen es geht, bei einem Einzelhund noch eher usw usw blablabla&#8230;<br \/>\nZu einfach, ich habe mich anscheinend nur zur\u00fcckgelehnt, mir selbst was vorgemacht, denn nun ist ES passiert und ich kann da nicht mit umgehen.<\/p>\n<p>Ich sehe es als meine Verantwortung, ich, die die Verpaarungen plant und damit entscheide, dass meine Snowdevils auf diese Welt kommen, ich entscheide, zu wem sie gehen und ich versuche, Jeden Snowdevil bis zum letzten Tag seines Lebens zu betreuen und manchmal dar\u00fcber hinaus.<\/p>\n<p>Und, nicht falsch verstehen, ich will das so, wollte es nie anders, denn das ist mein Leben.<br \/>\nIch will es auch in Zukunft niemals anders haben, aber ich werde, ICH MUSS, zur\u00fcck zu meinen Wurzeln, sonst werde ich es nicht mehr tun k\u00f6nnen, das Z\u00fcchten meine ich.<br \/>\nIch will nicht, dass Jemand denkt, er w\u00fcrde mir auf den Geist gehen, aber ich will auch mal sagen d\u00fcrfen, was es f\u00fcr mich bedeutet, diese Betreuung:<br \/>\nIch telefoniere jeden Tag ca 2 Stunden, sitze am PC nur mit mails auch ca 3 Stunden am Tag.<br \/>\nWir haben fast Oktober und in diesem Jahr hatte ich exakt 2 Wochenenden, an dem nicht mindestens 1 Hundebesuch da war, oftmals sind es mehrere Leute. Besuche in der Woche kommen noch dazu.<br \/>\nUnd nach 24 Jahren Zucht habe ich keinen einzigen Monat, wo nicht mindestens 1, 2 oder gar mehr alte Hunde aus meiner Zucht sterben. Manche K\u00e4ufer berichten mir danach, manche begleite ich schon Wochen vor dem gef\u00fcrchteten Schritt und ich mache das gerne und mit ganzem Herzen.<br \/>\nF\u00fcr mich ist das eine Art letzter Liebesbeweis, den ich an meine Hundekinder, die durch mich auf die Welt gekommen sind und mit meinen H\u00e4nden und meiner Liebe aufgezogen wurden die ersten Wochen ihres Lebens, weitergeben kann.<br \/>\nAber deshalb, weil ich jedes meiner Hundekinder auch nach dem Verkauf im Herzen habe, deshalb belastet mich jeder Hund, auch wenn er im Alter stirbt, mental ungemein.<br \/>\nIch weine um jeden Hund, der jemals bei mir geboren wurde und glaubt mir, in den letzten Jahren waren es eine Menge Tr\u00e4nen.<br \/>\nManchmal glaube ich, ich halte das nicht mehr aus und denke, wenn ich mal aufh\u00f6re, dann wegen diesem Schmerz.<br \/>\nAber ich wei\u00df auch, das ich es doch aushalten kann, weil ich die Liebe der Besitzer sp\u00fcre, die sie f\u00fcr Ihre Hunde haben und wie dankbar ich selbst bin, dass diese Menschen mich teilhaben lassen an diesen sehr bewegenden und auch \u00fcberaus privaten Momenten, ich bei Ihnen und somit auch bei meinen Hunden sein kann, egal \u00fcber welche Entfernung.<\/p>\n<p>Und, was ich auch loswerden muss:<br \/>\nMeine K\u00e4ufer, also IHR, auf die ich so stolz bin, sagen mir oft, dass sie noch nie geh\u00f6rt haben, dass ein anderer Z\u00fcchter derma\u00dfen seine Hunde betreut.<br \/>\nDas freut mich ungemein und ich werde mir weiter alle M\u00fche geben und das mit Freude, denn wie gesagt: Das ist mein Leben.<\/p>\n<p>Was ich aber nicht mehr tun\u00a0 werde ist:<br \/>\nIch werde nicht mehr vergessen, was ich einst, als ich anfing, als das Wichtigste ansah und danach auch gehandelt habe, denn dies sehe ich als Verm\u00e4chtnis dieser Snowdevils H\u00fcndin :<\/p>\n<p>Ein Husky geh\u00f6rt an die Leine !!!!<\/p>\n<p>Wenn also Jemand glaubt, seinem Hund die Liebe zu beweisen, indem er ihm &#8222;Freiheit&#8220; g\u00f6nnt, so m\u00f6ge er das tun.<br \/>\nIch akzeptiere das, aber ich verlange auch soviel Fairness, mir das vor dem Kauf zu sagen.<br \/>\nUnd dann muss ein Interessent eben genauso akzeptieren, dass ich dann nie mehr einen meiner Welpen diesem Risiko aussetzen m\u00f6chte und sich einen anderen Z\u00fcchter suchen.<br \/>\nIch wei\u00df, wir sind alle nur Menschen und ich kann mich selber nicht freisprechen f\u00fcr die Vergangenheit, aber ich werde niemals mehr einen Hund ohne Leine egal wo laufen lassen.<\/p>\n<p>Und was ich auch nicht mehr tun werde:<br \/>\nSollte noch ein Snowdevil verungl\u00fccken weil er &#8222;Freig\u00e4nger&#8220; war, also nicht &#8222;entwichen&#8220;, was jedem passieren kann, sondern wenn ein Mensch seinen Hund ohne Leine ausf\u00fchrt, dann werde ich diesen Menschen nicht mehr beistehen und auch nie mehr einen Hund anvertrauen.<\/p>\n<p>Sollte das bedeuten, dass ich meine Welpen nicht mehr &#8222;loswerde&#8220;, dann ist es eben so und ich h\u00f6re auf. Den Preis zahlen im Endeffekt meine Welpen und dieser Preis, \u00fcberfahren zu werden aus Sorglosigkeit oder falsch interpretierte Liebe ist mir einfach zu hoch.<\/p>\n<p>Ich hoffe, Ihr versteht, wie Ernst es mir ist, denn diese Art von Betreuung geht \u00fcber meine Kraft.<\/p>\n<p>Und, liebe Anh\u00e4nger des Freigangs:<br \/>\nEin Snowdevil vom Zug \u00fcberfahren, mag es sich jeder vorstellen, denn:<br \/>\nES KANN DAS N\u00c4CHSTE MAL EUER HUND SEIN<\/p>\n<p>Margot<\/td>\n<\/tr>\n<\/tbody>\n<\/table>\n","protected":false},"excerpt":{"rendered":"<p>&#8222;Hilas Verm\u00e4chtnis&#8220; Auszug aus dem Snowdevils K\u00e4uferforum vom 25. 09.2014 an meine K\u00e4ufer &#8222;Snowdevils: Back to the Roots oder auch &#8222;Tacheles&#8220; Hallo Leute Wie Ihr alle gemerkt habt, war ich eine Weile weg von der Bildfl\u00e4che und Ihr ahnt auch, warum. Ein Snowdevil ist zu Tode gekommen und diesmal war ich starr vor Entsetzen, wusste &#8230; <span class=\"more\"><a class=\"more-link\" href=\"https:\/\/www.diehundemeisterei.de\/?page_id=392\">[Read more&#8230;]<\/a><\/span><\/p>\n","protected":false},"author":1,"featured_media":0,"parent":16,"menu_order":0,"comment_status":"closed","ping_status":"closed","template":"page-full-width.php","meta":{"footnotes":""},"_links":{"self":[{"href":"https:\/\/www.diehundemeisterei.de\/index.php?rest_route=\/wp\/v2\/pages\/392"}],"collection":[{"href":"https:\/\/www.diehundemeisterei.de\/index.php?rest_route=\/wp\/v2\/pages"}],"about":[{"href":"https:\/\/www.diehundemeisterei.de\/index.php?rest_route=\/wp\/v2\/types\/page"}],"author":[{"embeddable":true,"href":"https:\/\/www.diehundemeisterei.de\/index.php?rest_route=\/wp\/v2\/users\/1"}],"replies":[{"embeddable":true,"href":"https:\/\/www.diehundemeisterei.de\/index.php?rest_route=%2Fwp%2Fv2%2Fcomments&post=392"}],"version-history":[{"count":1,"href":"https:\/\/www.diehundemeisterei.de\/index.php?rest_route=\/wp\/v2\/pages\/392\/revisions"}],"predecessor-version":[{"id":393,"href":"https:\/\/www.diehundemeisterei.de\/index.php?rest_route=\/wp\/v2\/pages\/392\/revisions\/393"}],"up":[{"embeddable":true,"href":"https:\/\/www.diehundemeisterei.de\/index.php?rest_route=\/wp\/v2\/pages\/16"}],"wp:attachment":[{"href":"https:\/\/www.diehundemeisterei.de\/index.php?rest_route=%2Fwp%2Fv2%2Fmedia&parent=392"}],"curies":[{"name":"wp","href":"https:\/\/api.w.org\/{rel}","templated":true}]}}