{"id":36,"date":"2017-04-30T17:32:30","date_gmt":"2017-04-30T16:32:30","guid":{"rendered":"http:\/\/wp12402730.server-he.de\/web\/?page_id=36"},"modified":"2023-12-20T13:09:08","modified_gmt":"2023-12-20T12:09:08","slug":"home","status":"publish","type":"page","link":"https:\/\/www.diehundemeisterei.de\/","title":{"rendered":"Home"},"content":{"rendered":"<h3><a href=\"http:\/\/www.diehundemeisterei.de\/?page_id=454\"><strong>Kynotherapie nur f\u00fcr Reiche?<\/strong><\/a><\/h3>\n<p>Das Wort \u201eTherapie\u201c stammt aus dem altgriechischem und bedeutet: Dienst, Pflege, Heilung.\u00a0Daraus entstanden unterschiedlichste Therapieformen. Die Kynotherapie arbeitet mit der <span style=\"font-weight: bold; color: #ea5546;\">Symptomatischen Therapie<\/span>.<br \/>\nHier liegt der Focus auf die Linderung vorhandener Beschwerden ohne Heilung der ausl\u00f6senden Ursache.\u00a0Nat\u00fcrlich kann man einen Menschen, der z.B. auf Grund altersm\u00e4\u00dfiger Beeintr\u00e4chtigungen Kontrakturen entwickelt, nicht heilen. Sehr wohl aber kann mit Hilfe der Kynotherapie die Eigenbewegung, die Feinmotorik und vieles Mehr gef\u00f6rdert und dadurch das Ausma\u00df einer Kontraktur verlangsamt werden.<br \/>\nDas ist nur ein Beispiel aus einer Reihe von M\u00f6glichkeiten, die eine Kynotherapie bietet, wenn sie fachlich richtig und regelm\u00e4\u00dfig durchgef\u00fchrt wird.<br \/>\nErhaltung von Lebensqualit\u00e4t ist ein gro\u00dfer Faktor in der Kynotherapie.<\/p>\n<p>Leider wird diese Form der Therapie in den seltensten F\u00e4llen von den Leistungstr\u00e4gern \u00fcbernommen und die Betroffenen, die z.B. nur eine kleine Rente haben, k\u00f6nnen sich diese wichtige Therapie nicht leisten.<\/p>\n<p>Hei\u00dft : Kein Geld = Keine Therapie<\/p>\n<p>Helfen Sie diesen Menschen, die oft ihr Leben lang gearbeitet und diese Therapie mehr als verdient haben.<\/p>\n<p>&nbsp;<\/p>\n<p><a href=\"https:\/\/www.diehundemeisterei.de\/wp-content\/uploads\/2017\/11\/flyer.jpg\"><img loading=\"lazy\" decoding=\"async\" class=\"aligncenter wp-image-372\" src=\"https:\/\/www.diehundemeisterei.de\/wp-content\/uploads\/2017\/11\/flyer-300x83.jpg\" alt=\"\" width=\"1024\" height=\"284\" srcset=\"https:\/\/www.diehundemeisterei.de\/wp-content\/uploads\/2017\/11\/flyer-300x83.jpg 300w, https:\/\/www.diehundemeisterei.de\/wp-content\/uploads\/2017\/11\/flyer-768x213.jpg 768w, https:\/\/www.diehundemeisterei.de\/wp-content\/uploads\/2017\/11\/flyer-1024x284.jpg 1024w\" sizes=\"(max-width: 1024px) 100vw, 1024px\" \/><\/a><\/p>\n<h3><\/h3>\n","protected":false},"excerpt":{"rendered":"<p>Kynotherapie nur f\u00fcr Reiche? Das Wort \u201eTherapie\u201c stammt aus dem altgriechischem und bedeutet: Dienst, Pflege, Heilung.\u00a0Daraus entstanden unterschiedlichste Therapieformen. Die Kynotherapie arbeitet mit der Symptomatischen Therapie. Hier liegt der Focus auf die Linderung vorhandener Beschwerden ohne Heilung der ausl\u00f6senden Ursache.\u00a0Nat\u00fcrlich kann man einen Menschen, der z.B. auf Grund altersm\u00e4\u00dfiger Beeintr\u00e4chtigungen Kontrakturen entwickelt, nicht heilen. Sehr &#8230; <span class=\"more\"><a class=\"more-link\" href=\"https:\/\/www.diehundemeisterei.de\/\">[Read more&#8230;]<\/a><\/span><\/p>\n","protected":false},"author":1,"featured_media":0,"parent":0,"menu_order":0,"comment_status":"closed","ping_status":"closed","template":"page-full-width.php","meta":{"footnotes":""},"_links":{"self":[{"href":"https:\/\/www.diehundemeisterei.de\/index.php?rest_route=\/wp\/v2\/pages\/36"}],"collection":[{"href":"https:\/\/www.diehundemeisterei.de\/index.php?rest_route=\/wp\/v2\/pages"}],"about":[{"href":"https:\/\/www.diehundemeisterei.de\/index.php?rest_route=\/wp\/v2\/types\/page"}],"author":[{"embeddable":true,"href":"https:\/\/www.diehundemeisterei.de\/index.php?rest_route=\/wp\/v2\/users\/1"}],"replies":[{"embeddable":true,"href":"https:\/\/www.diehundemeisterei.de\/index.php?rest_route=%2Fwp%2Fv2%2Fcomments&post=36"}],"version-history":[{"count":40,"href":"https:\/\/www.diehundemeisterei.de\/index.php?rest_route=\/wp\/v2\/pages\/36\/revisions"}],"predecessor-version":[{"id":607,"href":"https:\/\/www.diehundemeisterei.de\/index.php?rest_route=\/wp\/v2\/pages\/36\/revisions\/607"}],"wp:attachment":[{"href":"https:\/\/www.diehundemeisterei.de\/index.php?rest_route=%2Fwp%2Fv2%2Fmedia&parent=36"}],"curies":[{"name":"wp","href":"https:\/\/api.w.org\/{rel}","templated":true}]}}