{"id":204,"date":"2017-07-05T11:49:56","date_gmt":"2017-07-05T10:49:56","guid":{"rendered":"http:\/\/web.diehundemeisterei.de\/?page_id=204"},"modified":"2018-05-16T16:42:37","modified_gmt":"2018-05-16T15:42:37","slug":"ziele-der-kynotherapie","status":"publish","type":"page","link":"https:\/\/www.diehundemeisterei.de\/?page_id=204","title":{"rendered":"Ziele der Kynotherapie"},"content":{"rendered":"<div style=\"width: 700px;\" class=\"wp-video\"><!--[if lt IE 9]><script>document.createElement('video');<\/script><![endif]-->\n<video class=\"wp-video-shortcode\" id=\"video-204-1\" width=\"700\" height=\"393\" preload=\"metadata\" controls=\"controls\"><source type=\"video\/mp4\" src=\"http:\/\/wp12402730.server-he.de\/web\/wp-content\/uploads\/2018\/05\/kleiner_ausschnitt.mp4?_=1\" \/><a href=\"http:\/\/wp12402730.server-he.de\/web\/wp-content\/uploads\/2018\/05\/kleiner_ausschnitt.mp4\">http:\/\/wp12402730.server-he.de\/web\/wp-content\/uploads\/2018\/05\/kleiner_ausschnitt.mp4<\/a><\/video><\/div>\n<p><em>Ein kleiner Ausschnitt aus unserer t\u00e4glichen Arbeit.\u00a0 Hier die deutliche Reaktion mit der linken Hand bei einer Patientin, die sich im ver\u00e4ndertem Bewusstseinszustand befindet und &#8222;eigentlich&#8220; nichts mehr wahr nehmen soll.<\/em><\/p>\n<p>Hunde wirken sich positiv auf das menschliche Befinden aus. Sie nehmen den Menschen vorurteilsfrei und ohne jede Wertung an. Aus diesem Grund werden sie immer mehr zur therapeutischen Unterst\u00fctzung bei vielen k\u00f6rperlichen sowie psychischen Erkrankungen und Beeintr\u00e4chtigungen eingesetzt.<\/p>\n<p>Hunde bilden Br\u00fccken zwischen Freude an Rehabilitation und therapeutischer Arbeit. Der Patient arbeitet aus eigenem Antrieb mit dem Therapeuten und dem Therapiehund, ohne dabei den Druck und Zwang einer Therapie zu versp\u00fcren. Ziel ist, in Anlehnung an die herk\u00f6mmlichen Therapien, bestimmte Therapieziele festzulegen, um so f\u00fcr den Patienten einen optimalen Therapieplan\u00a0 erstellen zu k\u00f6nnen.<\/p>\n<p>Die Arbeit mit dem Patienten\u00a0 wird entsprechend dokumentiert und in zuvor festgelegten Zeitabst\u00e4nden wird eine Zusammenfassung des bisherigen Therapieverlaufs erstellt und an die zust\u00e4ndigen Personen \u00fcbergeben.<\/p>\n<p>Ein Vorteil hierbei ist, dass der jeweilige Auftraggeber diese Auswertungen dem <b>MDK<\/b>(Medizinischer Dienst der Krankenversicherungen) vorlegen kann.<\/p>\n<p>Auch Gruppentherapien sind m\u00f6glich. Hierbei sollte die Gruppe aus h\u00f6chstens 10 Bewohnern bestehen.<\/p>\n<p>In einer Gruppentherapieeinheit geht es vordergr\u00fcndig um die Aktivierung der Bewohner und sozialer Interaktion. Dies kann zum Beispiel bei schwer zu motivierenden Bewohnern gute Fortschritte erzielen.<\/p>\n<p>Biografiearbeit und Gerontopsychiatrie baut Br\u00fccken <a href=\"http:\/\/wp12402730.server-he.de\/web\/wp-content\/uploads\/2017\/04\/frau.jpg\"><img loading=\"lazy\" decoding=\"async\" class=\" wp-image-226 alignright\" src=\"http:\/\/wp12402730.server-he.de\/web\/wp-content\/uploads\/2017\/04\/frau-300x169.jpg\" alt=\"\" width=\"360\" height=\"203\" srcset=\"https:\/\/www.diehundemeisterei.de\/wp-content\/uploads\/2017\/04\/frau-300x169.jpg 300w, https:\/\/www.diehundemeisterei.de\/wp-content\/uploads\/2017\/04\/frau.jpg 640w\" sizes=\"(max-width: 360px) 100vw, 360px\" \/><\/a>zwischen Therapeut und Patient aber auch zwischen Vergangenheit und Gegenwart.<br \/>\nSie l\u00e4sst uns wissen, an welchen pers\u00f6nlichen Kompetenzen wir ankn\u00fcpfen k\u00f6nnen und wof\u00fcr wir unser Gegen\u00fcber ( Patient) wertsch\u00e4tzen k\u00f6nnen.<br \/>\nEinf\u00fchlsames Zuh\u00f6ren und Begleiten ist ein wichtiger Teil unserer Arbeit.<\/p>\n<p>Folgendes l\u00e4sst sich zum Beispiel mit Kynotherapie erreichen und durchf\u00fchren:<\/p>\n<p>F\u00f6rderung:<\/p>\n<p><img loading=\"lazy\" decoding=\"async\" class=\" wp-image-355 alignright\" src=\"http:\/\/wp12402730.server-he.de\/web\/wp-content\/uploads\/2017\/11\/toni-300x169.jpg\" alt=\"\" width=\"362\" height=\"204\" srcset=\"https:\/\/www.diehundemeisterei.de\/wp-content\/uploads\/2017\/11\/toni-300x169.jpg 300w, https:\/\/www.diehundemeisterei.de\/wp-content\/uploads\/2017\/11\/toni-768x432.jpg 768w, https:\/\/www.diehundemeisterei.de\/wp-content\/uploads\/2017\/11\/toni.jpg 960w\" sizes=\"(max-width: 362px) 100vw, 362px\" \/><\/p>\n<p>\u2013\u00a0der visuellen Wahrnehmung<\/p>\n<p>\u2013\u00a0des Austauschs und der Kommunikation<\/p>\n<p>\u2013\u00a0von Stabilit\u00e4t, Kraft, Flexibilit\u00e4t und Erhalt bzw. F\u00f6rderung des Bewegungsausma\u00dfes<\/p>\n<p>\u2013\u00a0von Eigenbewegung\u00a0 und Aktivit\u00e4t<\/p>\n<p>\u2013\u00a0Training der Grob- und Feinmotorik durch verschiedene \u00dcbungen<\/p>\n<p><span style=\"line-height: 1.5;\">\u2013\u00a0Steh- und Lauftraining sowie das aufrechte Sitzen (Stabilit\u00e4t )<a href=\"http:\/\/wp12402730.server-he.de\/web\/wp-content\/uploads\/2017\/11\/Therapie-sweety-2.jpg\"><img loading=\"lazy\" decoding=\"async\" class=\" wp-image-357 alignright\" src=\"http:\/\/wp12402730.server-he.de\/web\/wp-content\/uploads\/2017\/11\/Therapie-sweety-2-168x300.jpg\" alt=\"\" width=\"206\" height=\"368\" srcset=\"https:\/\/www.diehundemeisterei.de\/wp-content\/uploads\/2017\/11\/Therapie-sweety-2-168x300.jpg 168w, https:\/\/www.diehundemeisterei.de\/wp-content\/uploads\/2017\/11\/Therapie-sweety-2.jpg 359w\" sizes=\"(max-width: 206px) 100vw, 206px\" \/><\/a><\/span><\/p>\n<p><span style=\"line-height: 1.5;\">\u2013\u00a0Tonusregulation<\/span><\/p>\n<p>\u2013\u00a0Basale Stimulation<\/p>\n<p>\u2013\u00a0Biografiearbeit \/ Ged\u00e4chtnistraining \/ Konzentrationstraining<\/p>\n<p>\u2013\u00a0ADL-Training<\/p>\n<p>\u2013\u00a0Sprachtraining z.B. bei Schlaganfallpatienten<\/p>\n<p>\u2013\u00a0Sterbebegleitung<\/p>\n<p>Gerne erl\u00e4utern wir Ihnen ausf\u00fchrlich die vielen M\u00f6glichkeiten der Kynotherapie.<\/p>\n","protected":false},"excerpt":{"rendered":"<p>Ein kleiner Ausschnitt aus unserer t\u00e4glichen Arbeit.\u00a0 Hier die deutliche Reaktion mit der linken Hand bei einer Patientin, die sich im ver\u00e4ndertem Bewusstseinszustand befindet und &#8222;eigentlich&#8220; nichts mehr wahr nehmen soll. Hunde wirken sich positiv auf das menschliche Befinden aus. Sie nehmen den Menschen vorurteilsfrei und ohne jede Wertung an. Aus diesem Grund werden sie &#8230; <span class=\"more\"><a class=\"more-link\" href=\"https:\/\/www.diehundemeisterei.de\/?page_id=204\">[Read more&#8230;]<\/a><\/span><\/p>\n","protected":false},"author":1,"featured_media":0,"parent":20,"menu_order":0,"comment_status":"closed","ping_status":"closed","template":"page-full-width.php","meta":{"footnotes":""},"_links":{"self":[{"href":"https:\/\/www.diehundemeisterei.de\/index.php?rest_route=\/wp\/v2\/pages\/204"}],"collection":[{"href":"https:\/\/www.diehundemeisterei.de\/index.php?rest_route=\/wp\/v2\/pages"}],"about":[{"href":"https:\/\/www.diehundemeisterei.de\/index.php?rest_route=\/wp\/v2\/types\/page"}],"author":[{"embeddable":true,"href":"https:\/\/www.diehundemeisterei.de\/index.php?rest_route=\/wp\/v2\/users\/1"}],"replies":[{"embeddable":true,"href":"https:\/\/www.diehundemeisterei.de\/index.php?rest_route=%2Fwp%2Fv2%2Fcomments&post=204"}],"version-history":[{"count":16,"href":"https:\/\/www.diehundemeisterei.de\/index.php?rest_route=\/wp\/v2\/pages\/204\/revisions"}],"predecessor-version":[{"id":560,"href":"https:\/\/www.diehundemeisterei.de\/index.php?rest_route=\/wp\/v2\/pages\/204\/revisions\/560"}],"up":[{"embeddable":true,"href":"https:\/\/www.diehundemeisterei.de\/index.php?rest_route=\/wp\/v2\/pages\/20"}],"wp:attachment":[{"href":"https:\/\/www.diehundemeisterei.de\/index.php?rest_route=%2Fwp%2Fv2%2Fmedia&parent=204"}],"curies":[{"name":"wp","href":"https:\/\/api.w.org\/{rel}","templated":true}]}}