{"id":170,"date":"2017-06-27T18:49:49","date_gmt":"2017-06-27T17:49:49","guid":{"rendered":"http:\/\/web.diehundemeisterei.de\/?page_id=170"},"modified":"2018-07-30T07:19:20","modified_gmt":"2018-07-30T06:19:20","slug":"das-team","status":"publish","type":"page","link":"https:\/\/www.diehundemeisterei.de\/?page_id=170","title":{"rendered":"das Team"},"content":{"rendered":"<p><b><a href=\"http:\/\/wp12402730.server-he.de\/web\/wp-content\/uploads\/2017\/11\/margot.jpg\"><img loading=\"lazy\" decoding=\"async\" class=\" wp-image-360 alignright\" src=\"http:\/\/wp12402730.server-he.de\/web\/wp-content\/uploads\/2017\/11\/margot-198x300.jpg\" alt=\"\" width=\"181\" height=\"275\" srcset=\"https:\/\/www.diehundemeisterei.de\/wp-content\/uploads\/2017\/11\/margot-198x300.jpg 198w, https:\/\/www.diehundemeisterei.de\/wp-content\/uploads\/2017\/11\/margot.jpg 529w\" sizes=\"(max-width: 181px) 100vw, 181px\" \/><\/a><\/b><\/p>\n<p><b>Margot Kuhr<\/b><\/p>\n<ul>\n<li>Kynologin seit 1987 und eingetragene Z\u00fcchterin der Rasse Siberian Husky seit 1990.<\/li>\n<li>Physiotherapeutin f\u00fcr Hunde mit eigener Praxis in Schk\u00f6len<\/li>\n<li>Zertifizierte Kynotherapeutin mit Fachausbildung \u00fcber Paracelsus Schulen f\u00fcr Heilberufe Dresden und Praktika in der Firma \u201eHunde helfen heilen\u201c Maria Auerswald in verschiedenen Einrichtungen und Kliniken in Dresden.<\/li>\n<li>Weiterbildung Fachtagung Demenz bei der Gesellschaft zur F\u00f6rderung der Gesundheitsregion der Lahn Dill Kliniken<\/li>\n<li>Inhaberin der <b>Hundemeisterei<\/b><\/li>\n<\/ul>\n<h2><\/h2>\n<h2>\u00dcber mich\u00a0(Margot Kuhr)<\/h2>\n<p>Als ich 21 Jahre alt war kaufte ich mir meinen ersten Siberian Husky . Als Mutter von 3 Kindern war ich von Anfang an fasziniert von dem liebevollem Umgang dieser Rasse mit meinen Kindern und diese unglaubliche Ruhe mit denen der Hund agierte.<\/p>\n<p>Bei dieser Rasse bleibt es selten bei einem Hund und so zogen nach und nach noch mehr dieser herrlichen Hunde bei uns ein.<br \/>\nAus der Liebe zu den eigenen Hunden wuchs die Liebe zur Rasse und dem Wunsch, selbst Z\u00fcchter zu werden.<\/p>\n<p>Aus der anf\u00e4nglichen Hobbyzucht wurde schnell eine Passion und ich z\u00fcchte seit 1990 Siberian Huskies.<\/p>\n<p>Immer wieder erlebte ich wie es manchem K\u00e4ufern mit den unterschiedlichsten Handycaps gut tat mit Hunden aus meiner Zucht zu leben. Allen voran meine K\u00e4uferin Brigitte, mittlerweile eine sehr gute Freundin, die im Rollstuhl sa\u00df, als sie den ersten Hund von mir bekam. Heute\u00a0 ist Brigitte Besitzerin eines ganzen Rudels und der Rollstuhl dient mehr als Trainingsgef\u00e4hrt, denn Brigitte hat es mit Hilfe ihrer Hunde und ihres eisernen Willens geschafft, das sie selbst wieder laufen kann.<\/p>\n<p>So stolz ich darauf bin, war der \u201eAnschupser\u201c zur hundgest\u00fctzter Therapie meine Begegnung mit Maria Auerswald. Ich lernte sie in Jena kennen als Dozentin im Kurs THP und habe dann bei Maria die Physiotherapie f\u00fcr Hunde in Dresden bei der Paracelsus Schule belegt und erfolgreich abgeschlossen.<\/p>\n<p>Maria und ich blieben in Kontakt und ihre Arbeit interessierte mich immer mehr, denn durch sie lernte ich, das hundgest\u00fctzte Therapie etwas ganz anderes ist als nur Omas im Altenheim von Hunden beschmusen zu lassen.<\/p>\n<p>F\u00fcr mich erschlie\u00dft sich daraus die\u00a0 M\u00f6glichkeit, meine Liebe zu meinen Hunden und die Freude am Umgang mit Menschen, die am Rand der Gesellschaft stehen,\u00a0 zu verbinden. Denn ich hatte schon immer ein Faible f\u00fcr \u201ebesondere\u201c Menschen und sehe diese Ausbildung als logische \u201eAntwort\u201c auf mein Leben.<\/p>\n<p>&nbsp;<\/p>\n","protected":false},"excerpt":{"rendered":"<p>Margot Kuhr Kynologin seit 1987 und eingetragene Z\u00fcchterin der Rasse Siberian Husky seit 1990. Physiotherapeutin f\u00fcr Hunde mit eigener Praxis in Schk\u00f6len Zertifizierte Kynotherapeutin mit Fachausbildung \u00fcber Paracelsus Schulen f\u00fcr Heilberufe Dresden und Praktika in der Firma \u201eHunde helfen heilen\u201c Maria Auerswald in verschiedenen Einrichtungen und Kliniken in Dresden. Weiterbildung Fachtagung Demenz bei der Gesellschaft &#8230; <span class=\"more\"><a class=\"more-link\" href=\"https:\/\/www.diehundemeisterei.de\/?page_id=170\">[Read more&#8230;]<\/a><\/span><\/p>\n","protected":false},"author":1,"featured_media":0,"parent":0,"menu_order":0,"comment_status":"closed","ping_status":"closed","template":"page-full-width.php","meta":{"footnotes":""},"_links":{"self":[{"href":"https:\/\/www.diehundemeisterei.de\/index.php?rest_route=\/wp\/v2\/pages\/170"}],"collection":[{"href":"https:\/\/www.diehundemeisterei.de\/index.php?rest_route=\/wp\/v2\/pages"}],"about":[{"href":"https:\/\/www.diehundemeisterei.de\/index.php?rest_route=\/wp\/v2\/types\/page"}],"author":[{"embeddable":true,"href":"https:\/\/www.diehundemeisterei.de\/index.php?rest_route=\/wp\/v2\/users\/1"}],"replies":[{"embeddable":true,"href":"https:\/\/www.diehundemeisterei.de\/index.php?rest_route=%2Fwp%2Fv2%2Fcomments&post=170"}],"version-history":[{"count":35,"href":"https:\/\/www.diehundemeisterei.de\/index.php?rest_route=\/wp\/v2\/pages\/170\/revisions"}],"predecessor-version":[{"id":596,"href":"https:\/\/www.diehundemeisterei.de\/index.php?rest_route=\/wp\/v2\/pages\/170\/revisions\/596"}],"wp:attachment":[{"href":"https:\/\/www.diehundemeisterei.de\/index.php?rest_route=%2Fwp%2Fv2%2Fmedia&parent=170"}],"curies":[{"name":"wp","href":"https:\/\/api.w.org\/{rel}","templated":true}]}}