{"id":16,"date":"2017-04-30T12:56:15","date_gmt":"2017-04-30T11:56:15","guid":{"rendered":"http:\/\/wp12402730.server-he.de\/web\/?page_id=16"},"modified":"2023-12-20T13:21:37","modified_gmt":"2023-12-20T12:21:37","slug":"zucht-of-fantastic-snowdevils","status":"publish","type":"page","link":"https:\/\/www.diehundemeisterei.de\/?page_id=16","title":{"rendered":"Hundezucht &#8211; of fantastic Snowdevils (Siberian Huskies)"},"content":{"rendered":"<p><img loading=\"lazy\" decoding=\"async\" class=\"aligncenter\" style=\"text-align: -webkit-center;\" src=\"https:\/\/www.diehundemeisterei.de\/wp-content\/uploads\/2017\/12\/006.jpg\" alt=\"\" width=\"334\" height=\"352\" \/><\/p>\n<p style=\"text-align: center;\">Bras. Champion Red Horcan of Fantastic Snowdevils<\/p>\n<p>\u00dcber uns<\/p>\n<p>&#8222;Uns&#8220;, das bin ich, Margot Kuhr und meine Hunde.<br \/>\nMeinen ersten Husky bekam ich 1987, damals als Haushund.\u00a0Die Faszination \u00fcber diesen &#8222;etwas anderen&#8220; Hund lie\u00df mich nie mehr los und mit den Jahren ver\u00e4nderte sich mein Leben.<\/p>\n<p>Aus der Liebe zu meinen Hunden wuchs die Liebe zur Rasse und der Wunsch, selbst zu z\u00fcchten.<br \/>\nSo lie\u00df ich 1990 den Namen &#8222;of Fantastic Snowdevils&#8220; sch\u00fctzen und seitdem w\u00e4chst die Snowdevils Familie st\u00e4ndig.<br \/>\nWar fr\u00fcher ein Husky eher eine Rarit\u00e4t, so wurde er schnell doch zu einer Art Modehund und entwickelte sich in verschiedene Richtungen.<br \/>\nEin Siberian Husky ist ein Arbeitshund, ein Zughund, der in der Lage sein soll, eine leichte Ladung mit m\u00e4ssiger Geschwindigkeit \u00fcber lange Distanzen zu ziehen. Auch als Familienhund wird er vom AKC, dem amerikanischem Kennelclub, ( Ursprungsland des Siberian Husky ist USA) beworben.<br \/>\nDer menschliche Ergeiz ver\u00e4nderte auch diese Rasse und heute gibt es verschiedene &#8222;Ausrichtungen&#8220;, die sicherlich alle ihre Berechtigung haben, aber doch manchmal den Interessierten Laien etwas irritieren.<br \/>\nEs gibt Zuchtrichtungen, die auf Rennen und Geschwindigkeit ausgelegt sind und optisch fragt man sich oft zu Recht, wo die Attribute sind, die einen nordischen Hund ausmachen.<br \/>\nAuch Hunde, deren Z\u00fcchter nur auf Ausstellungen wert legen, gibt es und bei diesen Hunden ist oft nur noch die H\u00fclle ein Husky und das auch mit extremem Merkmalen, die es dem Hund oftmals unm\u00f6glich machen, seine urspr\u00fcngliche Aufgabe leisten zu k\u00f6nnen.<\/p>\n<p>Meine Begeisterung entstand vor allem wegen der Vielf\u00e4ltigkeit dieser Rasse. Ein Siberian ist ein Hund, der sich unheimlich gut anpasst auf der einen Seite, aber trotzdem seinen eigenen Kopf hat, sich nicht verbiegen l\u00e4sst und vor allem nicht ergeben hinter seinem Herrn herschleicht.<br \/>\nEin lustiger Hund, dem der Schalk aus den Augen blitzt, aber auch ein harter Hund, rauh im Spiel mit Artgenossen, unempfindlich und doch sensibel, f\u00e4hig, enormes zu leisten und doch die Ruhe selbst als ausgelasteter Familienhund.<br \/>\nEin Hund, der oft verkannt wird, denn liegt er z.B. entspannt auf dem Sofa und l\u00e4sst sich beschmusen, ist z\u00e4rtlich und vorsichtig mit Kindern, so ist er absolut kein Hund, den man unbeaufsichtigt in Kinderh\u00e4nde l\u00e4sst.<br \/>\nSeine enorme Kraft sieht man ihm nicht an und wer einmal einen Husky beim Wildern erlebt hat, wei\u00df wovon ich spreche.<br \/>\nAuch seine Eigenwilligkeit wird oft untersch\u00e4tzt, was ein Husky nicht will, dass macht er einfach nicht. Er lernt schnell und gerne, aber nur, wenn er will und wenn man seine Eigenarten nicht versucht zu brechen. \u00dcbertriebene Strenge oder gar lautes Br\u00fcllen mag ein Siberian \u00fcberhaupt nicht und dann klappt er seine Ohren zu, straft seinen Menschen mit Nichtbeachtung und das ist dann der Moment, wo es oft hei\u00dft: Ein Husky lernt nichts&#8230;.<\/p>\n<p>Seine Sch\u00f6nheit und auch seine Leistung wurde dieser Rasse zum Verh\u00e4ngnis und heute ist ein Siberian oft nur noch eine Karikatur seiner selbst in den verschiedenen Zuchtrichtungen.<br \/>\nIch versuche in meiner Zucht den Siberian Husky als den Hund zu erhalten, wie ich ihn kennen und lieben gelernt habe.<br \/>\nSomit sind Hunde aus meiner Zucht weder Rennhunde, noch Statuen zum anschauen.<br \/>\nAuch sehen sie nicht alle gleich aus, nicht wie geklont und jeder Hund ist f\u00fcr sich eine starke Pers\u00f6nlichkeit.<br \/>\nIch bevorzuge Linien, die noch wie ein arktischer Hund aussehen, aber ich mische diese Linien gerne um nicht in eins der Extreme zu driften. Hunde aus meiner Zucht stammen von Ahnen, deren Abstammung sich l\u00fcckenlos bis in die Anf\u00e4nge der Zucht des Siberian Husky nachweisen l\u00e4sst.<br \/>\nHunde aus meiner Zucht sind in vielen L\u00e4ndern zu finden und meine K\u00e4ufer sind meine Referenzen.<br \/>\nWer also einen Husky sucht, mit dem er auf Rennen gewinnen will ( im Vergleich mit Rennhunden ) ist bei mir genauso falsch wie Jemand, der einen Haushund sucht, der immer folgsam ist und nur sch\u00f6n anzusehen.<\/p>\n<p>Ich lebe f\u00fcr und mit meinen Hunden und erwarte von meinen K\u00e4ufern schon etwas mehr, als nur das Geld r\u00fcberzulangen und sich einen sch\u00f6nen blau\u00e4ugigen Hund anschaffen zu wollen.<br \/>\nNat\u00fcrlich gehe auch ich mit der Zeit aber Sie finden mich eher selten in all den sozialen Netzwerken und es kann gut sein, dass man mich nicht immer am Telefon erreicht. Hier geht es vor allem um den Austausch rund um die Snowdevils.<br \/>\nDenn meine K\u00e4ufer d\u00fcrfen sich \u00fcber den Weg laufen, weil meine Zucht auf ein &#8222;Miteinander&#8220; basiert und wir nicht unsere Zeit verplempern um \u00fcber andere her zuziehen usw.<br \/>\nViele Z\u00fcchter und Halter sind heute eher &#8222;Tastaturmusher&#8220; und man fragt sich, wann die wirklich und in echt &#8222;am Hund&#8220; sind und selbst, wenn man heute alles am Handy machen kann, so ist man auch dann nicht wirklich mit den Hunden besch\u00e4ftigt.<br \/>\nMir ist meine Zeit f\u00fcr sowas viel zu schade und ich verbringe sie lieber mit meinen Hunden und auch deshalb sind Hunde, die den Namen &#8222;of Fantastic Snowdevils&#8220; tragen etwas ganz Besonderes, denn sie werden mit Liebe und der n\u00f6tigen Zeit aufgezogen.<\/p>\n","protected":false},"excerpt":{"rendered":"<p>Bras. Champion Red Horcan of Fantastic Snowdevils \u00dcber uns &#8222;Uns&#8220;, das bin ich, Margot Kuhr und meine Hunde. Meinen ersten Husky bekam ich 1987, damals als Haushund.\u00a0Die Faszination \u00fcber diesen &#8222;etwas anderen&#8220; Hund lie\u00df mich nie mehr los und mit den Jahren ver\u00e4nderte sich mein Leben. Aus der Liebe zu meinen Hunden wuchs die Liebe &#8230; <span class=\"more\"><a class=\"more-link\" href=\"https:\/\/www.diehundemeisterei.de\/?page_id=16\">[Read more&#8230;]<\/a><\/span><\/p>\n","protected":false},"author":1,"featured_media":0,"parent":0,"menu_order":0,"comment_status":"closed","ping_status":"closed","template":"page-full-width.php","meta":{"footnotes":""},"_links":{"self":[{"href":"https:\/\/www.diehundemeisterei.de\/index.php?rest_route=\/wp\/v2\/pages\/16"}],"collection":[{"href":"https:\/\/www.diehundemeisterei.de\/index.php?rest_route=\/wp\/v2\/pages"}],"about":[{"href":"https:\/\/www.diehundemeisterei.de\/index.php?rest_route=\/wp\/v2\/types\/page"}],"author":[{"embeddable":true,"href":"https:\/\/www.diehundemeisterei.de\/index.php?rest_route=\/wp\/v2\/users\/1"}],"replies":[{"embeddable":true,"href":"https:\/\/www.diehundemeisterei.de\/index.php?rest_route=%2Fwp%2Fv2%2Fcomments&post=16"}],"version-history":[{"count":11,"href":"https:\/\/www.diehundemeisterei.de\/index.php?rest_route=\/wp\/v2\/pages\/16\/revisions"}],"predecessor-version":[{"id":610,"href":"https:\/\/www.diehundemeisterei.de\/index.php?rest_route=\/wp\/v2\/pages\/16\/revisions\/610"}],"wp:attachment":[{"href":"https:\/\/www.diehundemeisterei.de\/index.php?rest_route=%2Fwp%2Fv2%2Fmedia&parent=16"}],"curies":[{"name":"wp","href":"https:\/\/api.w.org\/{rel}","templated":true}]}}